{"id":201,"date":"2020-03-10T11:42:38","date_gmt":"2020-03-10T11:42:38","guid":{"rendered":"https:\/\/bridge345.qodeinteractive.com\/?page_id=201"},"modified":"2021-01-10T18:36:47","modified_gmt":"2021-01-10T18:36:47","slug":"atencion-clinica","status":"publish","type":"page","link":"https:\/\/drmanuelpantigoso.com\/web\/atencion-clinica\/","title":{"rendered":"ATENCI\u00d3N CL\u00cdNICA"},"content":{"rendered":"\t\t<div data-elementor-type=\"wp-page\" data-elementor-id=\"201\" class=\"elementor elementor-201\" data-elementor-settings=\"[]\">\n\t\t\t\t\t\t<div class=\"elementor-inner\">\n\t\t\t\t\t\t\t<div class=\"elementor-section-wrap\">\n\t\t\t\t\t\t\t<section class=\"elementor-section elementor-top-section elementor-element elementor-element-48a1554 elementor-section-boxed elementor-section-height-default elementor-section-height-default parallax_section_no qode_elementor_container_no\" data-id=\"48a1554\" data-element_type=\"section\">\n\t\t\t\t\t\t<div class=\"elementor-container elementor-column-gap-wide\">\n\t\t\t\t\t\t\t<div class=\"elementor-row\">\n\t\t\t\t\t<div class=\"elementor-column elementor-col-66 elementor-top-column elementor-element elementor-element-035ca3d\" data-id=\"035ca3d\" data-element_type=\"column\">\n\t\t\t<div class=\"elementor-column-wrap elementor-element-populated\">\n\t\t\t\t\t\t\t<div class=\"elementor-widget-wrap\">\n\t\t\t\t\t\t<div class=\"elementor-element elementor-element-b1a9579 elementor-widget elementor-widget-heading\" data-id=\"b1a9579\" data-element_type=\"widget\" data-widget_type=\"heading.default\">\n\t\t\t\t<div class=\"elementor-widget-container\">\n\t\t\t<h6 class=\"elementor-heading-title elementor-size-default\">ATENCI\u00d3N CL\u00cdNICA<\/h6>\t\t<\/div>\n\t\t\t\t<\/div>\n\t\t\t\t<div class=\"elementor-element elementor-element-3da4a9e elementor-widget elementor-widget-text-editor\" data-id=\"3da4a9e\" data-element_type=\"widget\" data-widget_type=\"text-editor.default\">\n\t\t\t\t<div class=\"elementor-widget-container\">\n\t\t\t\t\t<div class=\"elementor-text-editor elementor-clearfix\"><p><b>ATENCI\u00d3N CL\u00cdNICA<br \/><\/b><em>Atendemos toda clase de problemas psicol\u00f3gicos psiqui\u00e1tricos como:<br \/><\/em><br \/>\u2022 Psicosis, esos cuadros donde la persona pierde la raz\u00f3n o el control de sus actos.<br \/>\u2022 Casos en los que la persona siente infelicidad, con sensaci\u00f3n de soledad sin metas en la vida.<br \/>\u2022 Piensa en la posibilidad de quitarse la vida.<br \/>\u2022 Tiene dificultad en sus relaciones, ya sean familiares como con las personas que lo rodean, por su car\u00e1cter.<br \/>\u2022 Porque se siente desanimado, sin inter\u00e9s, irritable, sensaci\u00f3n de vac\u00edo y de tristeza, siempre se siente cansado, y duerme mal.<br \/>\u2022 Se siente muy nervioso, con temor a perder el control, muy intranquilo.<br \/>\u2022 Tiene dificultades en su vida sexual y tambi\u00e9n en su vida amorosa.<br \/>\u2022 No tolera el cambio, no es feliz.<br \/>\u2022 Ha comenzado a consumir alcohol u otras substancias y no puede dejar de hacerlo, ello le est\u00e1 causando problemas familiares, en sus estudios o trabajo.<br \/><br \/><\/p><hr \/><p>\u00a0<\/p><\/div>\n\t\t\t\t<\/div>\n\t\t\t\t<\/div>\n\t\t\t\t<div class=\"elementor-element elementor-element-6d409c9 elementor-widget elementor-widget-text-editor\" data-id=\"6d409c9\" data-element_type=\"widget\" data-widget_type=\"text-editor.default\">\n\t\t\t\t<div class=\"elementor-widget-container\">\n\t\t\t\t\t<div class=\"elementor-text-editor elementor-clearfix\"><p><b>ATENCI\u00d3N TERAPE\u00daTICA<\/b><\/p><p>\u00a0<\/p><p>\u2022 Psicoterapia, individual y de pareja, de familia, de orientaci\u00f3n psicoanal\u00edtica o psicodin\u00e1mica.<\/p><p>\u2022 Hipnoterapia (hipnosis) Ericksoniana, para los casos que sea necesaria.<\/p><p>\u2022 Consejer\u00eda.<\/p><p>\u2022 Farmacoterapia. Con medicaci\u00f3n propia de la psiquiatr\u00eda.<\/p><p>\u2022 Evaluaciones para Certificados de Salud Mental.<\/p><p>\u2022 Atenciones por v\u00eda remota.<\/p><\/div>\n\t\t\t\t<\/div>\n\t\t\t\t<\/div>\n\t\t\t\t<div class=\"elementor-element elementor-element-6f2e9b3 elementor-widget elementor-widget-spacer\" data-id=\"6f2e9b3\" data-element_type=\"widget\" data-widget_type=\"spacer.default\">\n\t\t\t\t<div class=\"elementor-widget-container\">\n\t\t\t\t\t<div class=\"elementor-spacer\">\n\t\t\t<div class=\"elementor-spacer-inner\"><\/div>\n\t\t<\/div>\n\t\t\t\t<\/div>\n\t\t\t\t<\/div>\n\t\t\t\t\t\t<\/div>\n\t\t\t\t\t<\/div>\n\t\t<\/div>\n\t\t\t\t<div class=\"elementor-column elementor-col-33 elementor-top-column elementor-element elementor-element-7d31ce6\" data-id=\"7d31ce6\" data-element_type=\"column\">\n\t\t\t<div class=\"elementor-column-wrap elementor-element-populated\">\n\t\t\t\t\t\t\t<div class=\"elementor-widget-wrap\">\n\t\t\t\t\t\t<div class=\"elementor-element elementor-element-21ad716 elementor-widget elementor-widget-heading\" data-id=\"21ad716\" data-element_type=\"widget\" data-widget_type=\"heading.default\">\n\t\t\t\t<div class=\"elementor-widget-container\">\n\t\t\t<h6 class=\"elementor-heading-title elementor-size-default\">ESPECIALIDADES<\/h6>\t\t<\/div>\n\t\t\t\t<\/div>\n\t\t\t\t<div class=\"elementor-element elementor-element-d61eeef elementor-widget elementor-widget-text-editor\" data-id=\"d61eeef\" data-element_type=\"widget\" data-widget_type=\"text-editor.default\">\n\t\t\t\t<div class=\"elementor-widget-container\">\n\t\t\t\t\t<div class=\"elementor-text-editor elementor-clearfix\"><p><span style=\"background-color: #ffffff; font-weight: bold;\">ATENCI\u00d3N CL\u00cdNICA<br \/><\/span><\/p><p><i>M\u00e9dico-psiqui\u00e1trica<\/i><\/p><p><i>Terapia individual<\/i><\/p><p><i>Terapia de pareja<\/i><\/p><p><i>Atenci\u00f3n a la familia<\/i><\/p><\/div>\n\t\t\t\t<\/div>\n\t\t\t\t<\/div>\n\t\t\t\t<div class=\"elementor-element elementor-element-7dddbae elementor-widget elementor-widget-text-editor\" data-id=\"7dddbae\" data-element_type=\"widget\" data-widget_type=\"text-editor.default\">\n\t\t\t\t<div class=\"elementor-widget-container\">\n\t\t\t\t\t<div class=\"elementor-text-editor elementor-clearfix\"><p><span style=\"background-color: #ffffff; font-weight: bold;\">ATENCI\u00d3N PARA:<br \/><\/span><\/p><p><i>Atenci\u00f3n a adolescentes<\/i><\/p><p><i>Personas j\u00f3venes y adultas<\/i><\/p><p><i>Adultos mayores<\/i><\/p><\/div>\n\t\t\t\t<\/div>\n\t\t\t\t<\/div>\n\t\t\t\t<div class=\"elementor-element elementor-element-f3cf5d4 elementor-widget elementor-widget-text-editor\" data-id=\"f3cf5d4\" data-element_type=\"widget\" data-widget_type=\"text-editor.default\">\n\t\t\t\t<div class=\"elementor-widget-container\">\n\t\t\t\t\t<div class=\"elementor-text-editor elementor-clearfix\"><p><span style=\"background-color: #ffffff; font-weight: bold;\">ATENCI\u00d3N A DISTANCIA<br \/><\/span><\/p><p><i>Para clientes con dificultades por la distancia o discapacidad. Por cualquier plataforma.<\/i><\/p><\/div>\n\t\t\t\t<\/div>\n\t\t\t\t<\/div>\n\t\t\t\t\t\t<\/div>\n\t\t\t\t\t<\/div>\n\t\t<\/div>\n\t\t\t\t\t\t\t\t<\/div>\n\t\t\t\t\t<\/div>\n\t\t<\/section>\n\t\t\t\t<section class=\"elementor-section elementor-inner-section elementor-element elementor-element-55f89f8d elementor-section-full_width qode_elementor_container_inner elementor-section-height-default elementor-section-height-default parallax_section_no\" data-id=\"55f89f8d\" data-element_type=\"section\">\n\t\t\t\t\t\t\t<div class=\"elementor-background-overlay\"><\/div>\n\t\t\t\t\t\t\t<div class=\"elementor-container elementor-column-gap-default\">\n\t\t\t\t\t\t\t<div class=\"elementor-row\">\n\t\t\t\t\t<div class=\"elementor-column elementor-col-50 elementor-inner-column elementor-element elementor-element-27ccb214\" data-id=\"27ccb214\" data-element_type=\"column\">\n\t\t\t<div class=\"elementor-column-wrap elementor-element-populated\">\n\t\t\t\t\t\t\t<div class=\"elementor-widget-wrap\">\n\t\t\t\t\t\t<div class=\"elementor-element elementor-element-674d75ca elementor-widget elementor-widget-image\" data-id=\"674d75ca\" data-element_type=\"widget\" data-widget_type=\"image.default\">\n\t\t\t\t<div class=\"elementor-widget-container\">\n\t\t\t\t\t<div class=\"elementor-image\">\n\t\t\t\t\t\t\t\t\t\t<img loading=\"lazy\" decoding=\"async\" width=\"425\" height=\"301\" src=\"https:\/\/drmanuelpantigoso.com\/web\/wp-content\/uploads\/2020\/12\/hogarmediocamino.png\" class=\"attachment-full size-full\" alt=\"\" srcset=\"https:\/\/drmanuelpantigoso.com\/web\/wp-content\/uploads\/2020\/12\/hogarmediocamino.png 425w, https:\/\/drmanuelpantigoso.com\/web\/wp-content\/uploads\/2020\/12\/hogarmediocamino-300x212.png 300w\" sizes=\"auto, (max-width: 425px) 100vw, 425px\" \/>\t\t\t\t\t\t\t\t\t\t\t<\/div>\n\t\t\t\t<\/div>\n\t\t\t\t<\/div>\n\t\t\t\t<div class=\"elementor-element elementor-element-65c14198 elementor-widget elementor-widget-spacer\" data-id=\"65c14198\" data-element_type=\"widget\" data-widget_type=\"spacer.default\">\n\t\t\t\t<div class=\"elementor-widget-container\">\n\t\t\t\t\t<div class=\"elementor-spacer\">\n\t\t\t<div class=\"elementor-spacer-inner\"><\/div>\n\t\t<\/div>\n\t\t\t\t<\/div>\n\t\t\t\t<\/div>\n\t\t\t\t<div class=\"elementor-element elementor-element-48fcee46 elementor-widget elementor-widget-spacer\" data-id=\"48fcee46\" data-element_type=\"widget\" data-widget_type=\"spacer.default\">\n\t\t\t\t<div class=\"elementor-widget-container\">\n\t\t\t\t\t<div class=\"elementor-spacer\">\n\t\t\t<div class=\"elementor-spacer-inner\"><\/div>\n\t\t<\/div>\n\t\t\t\t<\/div>\n\t\t\t\t<\/div>\n\t\t\t\t\t\t<\/div>\n\t\t\t\t\t<\/div>\n\t\t<\/div>\n\t\t\t\t<div class=\"elementor-column elementor-col-50 elementor-inner-column elementor-element elementor-element-429d675b\" data-id=\"429d675b\" data-element_type=\"column\">\n\t\t\t<div class=\"elementor-column-wrap elementor-element-populated\">\n\t\t\t\t\t\t\t<div class=\"elementor-widget-wrap\">\n\t\t\t\t\t\t<div class=\"elementor-element elementor-element-4fcda69a elementor-widget elementor-widget-spacer\" data-id=\"4fcda69a\" data-element_type=\"widget\" data-widget_type=\"spacer.default\">\n\t\t\t\t<div class=\"elementor-widget-container\">\n\t\t\t\t\t<div class=\"elementor-spacer\">\n\t\t\t<div class=\"elementor-spacer-inner\"><\/div>\n\t\t<\/div>\n\t\t\t\t<\/div>\n\t\t\t\t<\/div>\n\t\t\t\t<div class=\"elementor-element elementor-element-4bc359e2 elementor-widget elementor-widget-spacer\" data-id=\"4bc359e2\" data-element_type=\"widget\" data-widget_type=\"spacer.default\">\n\t\t\t\t<div class=\"elementor-widget-container\">\n\t\t\t\t\t<div class=\"elementor-spacer\">\n\t\t\t<div class=\"elementor-spacer-inner\"><\/div>\n\t\t<\/div>\n\t\t\t\t<\/div>\n\t\t\t\t<\/div>\n\t\t\t\t<div class=\"elementor-element elementor-element-7ab0448f elementor-widget elementor-widget-spacer\" data-id=\"7ab0448f\" data-element_type=\"widget\" data-widget_type=\"spacer.default\">\n\t\t\t\t<div class=\"elementor-widget-container\">\n\t\t\t\t\t<div class=\"elementor-spacer\">\n\t\t\t<div class=\"elementor-spacer-inner\"><\/div>\n\t\t<\/div>\n\t\t\t\t<\/div>\n\t\t\t\t<\/div>\n\t\t\t\t<div class=\"elementor-element elementor-element-1e1ecc6e elementor-widget elementor-widget-bridge_icon_list_item\" data-id=\"1e1ecc6e\" data-element_type=\"widget\" data-widget_type=\"bridge_icon_list_item.default\">\n\t\t\t\t<div class=\"elementor-widget-container\">\n\t\t\t<div class=\"q_icon_list\"><i class=\"qodef-icon-dripicons dripicon dripicons-checkmark qode-ili-icon-holder transparent\" style=\"font-size: 17px;color: #36A685;\" ><\/i><p style=\"color:#6D6E70;font-size: 17px;font-weight: 300;\">Es un espacio dedicado al cuidado personalizado de pacientes psiqui\u00e1tricos que requieren ser internados a largo plazo (no adicciones). <\/p><\/div>\t\t<\/div>\n\t\t\t\t<\/div>\n\t\t\t\t<div class=\"elementor-element elementor-element-473e5a5 elementor-widget elementor-widget-bridge_icon_list_item\" data-id=\"473e5a5\" data-element_type=\"widget\" data-widget_type=\"bridge_icon_list_item.default\">\n\t\t\t\t<div class=\"elementor-widget-container\">\n\t\t\t<div class=\"q_icon_list\"><i class=\"qodef-icon-dripicons dripicon dripicons-checkmark qode-ili-icon-holder transparent\" style=\"font-size: 17px;color: #36A685;\" ><\/i><p style=\"color:#6D6E70;font-size: 17px;font-weight: 300;\">Bajo la direcci\u00f3n del doctor Manuel Pantigoso y la enfermera especialista en rehabilitaci\u00f3n psiqui\u00e1trica, Gloria Solano, el Hogar basa su atenci\u00f3n en los principios de la terapia ocupacional, buscando la reinserci\u00f3n del paciente psiqui\u00e1trico en la sociedad.<\/p><\/div>\t\t<\/div>\n\t\t\t\t<\/div>\n\t\t\t\t<div class=\"elementor-element elementor-element-49bed2bc elementor-widget elementor-widget-bridge_button\" data-id=\"49bed2bc\" data-element_type=\"widget\" data-widget_type=\"bridge_button.default\">\n\t\t\t\t<div class=\"elementor-widget-container\">\n\t\t\t<a  itemprop=\"url\" href=\"https:\/\/drmanuelpantigoso.com\/web\/contacto\/\" target=\"_self\"  class=\"qbutton  right default\" style=\"\">CONTACTO<\/a>\t\t<\/div>\n\t\t\t\t<\/div>\n\t\t\t\t\t\t<\/div>\n\t\t\t\t\t<\/div>\n\t\t<\/div>\n\t\t\t\t\t\t\t\t<\/div>\n\t\t\t\t\t<\/div>\n\t\t<\/section>\n\t\t\t\t<section class=\"elementor-section elementor-top-section elementor-element elementor-element-819a182 elementor-section-boxed elementor-section-height-default elementor-section-height-default parallax_section_no qode_elementor_container_no\" data-id=\"819a182\" data-element_type=\"section\">\n\t\t\t\t\t\t<div class=\"elementor-container elementor-column-gap-default\">\n\t\t\t\t\t\t\t<div class=\"elementor-row\">\n\t\t\t\t\t<div class=\"elementor-column elementor-col-100 elementor-top-column elementor-element elementor-element-8a52a06\" data-id=\"8a52a06\" data-element_type=\"column\">\n\t\t\t<div class=\"elementor-column-wrap elementor-element-populated\">\n\t\t\t\t\t\t\t<div class=\"elementor-widget-wrap\">\n\t\t\t\t\t\t<div class=\"elementor-element elementor-element-97bb2d3 elementor-widget elementor-widget-spacer\" data-id=\"97bb2d3\" data-element_type=\"widget\" data-widget_type=\"spacer.default\">\n\t\t\t\t<div class=\"elementor-widget-container\">\n\t\t\t\t\t<div class=\"elementor-spacer\">\n\t\t\t<div class=\"elementor-spacer-inner\"><\/div>\n\t\t<\/div>\n\t\t\t\t<\/div>\n\t\t\t\t<\/div>\n\t\t\t\t\t\t<\/div>\n\t\t\t\t\t<\/div>\n\t\t<\/div>\n\t\t\t\t\t\t\t\t<\/div>\n\t\t\t\t\t<\/div>\n\t\t<\/section>\n\t\t\t\t<section class=\"elementor-section elementor-top-section elementor-element elementor-element-068af12 elementor-section-full_width elementor-section-height-default elementor-section-height-default parallax_section_no qode_elementor_container_no\" data-id=\"068af12\" data-element_type=\"section\" data-settings=\"{&quot;background_background&quot;:&quot;classic&quot;}\">\n\t\t\t\t\t\t<div class=\"elementor-container elementor-column-gap-default\">\n\t\t\t\t\t\t\t<div class=\"elementor-row\">\n\t\t\t\t\t<div class=\"elementor-column elementor-col-100 elementor-top-column elementor-element elementor-element-9f6c0aa\" data-id=\"9f6c0aa\" data-element_type=\"column\">\n\t\t\t<div class=\"elementor-column-wrap elementor-element-populated\">\n\t\t\t\t\t\t\t<div class=\"elementor-widget-wrap\">\n\t\t\t\t\t\t<div class=\"elementor-element elementor-element-d8d5568 elementor-widget elementor-widget-text-editor\" data-id=\"d8d5568\" data-element_type=\"widget\" data-widget_type=\"text-editor.default\">\n\t\t\t\t<div class=\"elementor-widget-container\">\n\t\t\t\t\t<div class=\"elementor-text-editor elementor-clearfix\"><blockquote>\n<h5 style=\"text-align: left;\"><span style=\"color: #ffffff;\">\u00abExiste una asociaci\u00f3n entre la relaci\u00f3n terap\u00e9utica y los resultados en una variedad de \u00e1reas de la salud mental, incluida la enfermedad mental grave.\u00a0 Los pacientes psiqui\u00e1tricos describieron <i>la relaci\u00f3n terap\u00e9utica y de ayuda como el aspecto m\u00e1s importante de la atenci\u00f3n&#8230;<\/i>\u00bb\n<\/br>\n<\/br>\n<\/span><\/h5>\n<h5 style=\"text-align: right;\"><span style=\"color: #ffffff;\"><b>Sebastian Gibbens<\/b><\/span><\/h5>\n<\/blockquote><\/div>\n\t\t\t\t<\/div>\n\t\t\t\t<\/div>\n\t\t\t\t\t\t<\/div>\n\t\t\t\t\t<\/div>\n\t\t<\/div>\n\t\t\t\t\t\t\t\t<\/div>\n\t\t\t\t\t<\/div>\n\t\t<\/section>\n\t\t\t\t<section class=\"elementor-section elementor-top-section elementor-element elementor-element-3b1f7ca elementor-section-boxed elementor-section-height-default elementor-section-height-default parallax_section_no qode_elementor_container_no\" data-id=\"3b1f7ca\" data-element_type=\"section\">\n\t\t\t\t\t\t<div class=\"elementor-container elementor-column-gap-default\">\n\t\t\t\t\t\t\t<div class=\"elementor-row\">\n\t\t\t\t\t<div class=\"elementor-column elementor-col-100 elementor-top-column elementor-element elementor-element-feff557\" data-id=\"feff557\" data-element_type=\"column\">\n\t\t\t<div class=\"elementor-column-wrap elementor-element-populated\">\n\t\t\t\t\t\t\t<div class=\"elementor-widget-wrap\">\n\t\t\t\t\t\t<div class=\"elementor-element elementor-element-e323e64 elementor-widget elementor-widget-spacer\" data-id=\"e323e64\" data-element_type=\"widget\" data-widget_type=\"spacer.default\">\n\t\t\t\t<div class=\"elementor-widget-container\">\n\t\t\t\t\t<div class=\"elementor-spacer\">\n\t\t\t<div class=\"elementor-spacer-inner\"><\/div>\n\t\t<\/div>\n\t\t\t\t<\/div>\n\t\t\t\t<\/div>\n\t\t\t\t\t\t<\/div>\n\t\t\t\t\t<\/div>\n\t\t<\/div>\n\t\t\t\t\t\t\t\t<\/div>\n\t\t\t\t\t<\/div>\n\t\t<\/section>\n\t\t\t\t\t\t<\/div>\n\t\t\t\t\t\t<\/div>\n\t\t\t\t\t<\/div>\n\t\t","protected":false},"excerpt":{"rendered":"<p>ATENCI\u00d3N CL\u00cdNICA ATENCI\u00d3N CL\u00cdNICAAtendemos toda clase de problemas psicol\u00f3gicos psiqui\u00e1tricos como:\u2022 Psicosis, esos cuadros donde la persona pierde la raz\u00f3n o el control de sus actos.\u2022 Casos en los que la persona siente infelicidad, con sensaci\u00f3n de soledad sin metas en la vida.\u2022 Piensa en&#8230;<\/p>\n","protected":false},"author":1,"featured_media":0,"parent":0,"menu_order":0,"comment_status":"closed","ping_status":"closed","template":"","meta":{"footnotes":""},"class_list":["post-201","page","type-page","status-publish","hentry"],"_links":{"self":[{"href":"https:\/\/drmanuelpantigoso.com\/web\/wp-json\/wp\/v2\/pages\/201","targetHints":{"allow":["GET"]}}],"collection":[{"href":"https:\/\/drmanuelpantigoso.com\/web\/wp-json\/wp\/v2\/pages"}],"about":[{"href":"https:\/\/drmanuelpantigoso.com\/web\/wp-json\/wp\/v2\/types\/page"}],"author":[{"embeddable":true,"href":"https:\/\/drmanuelpantigoso.com\/web\/wp-json\/wp\/v2\/users\/1"}],"replies":[{"embeddable":true,"href":"https:\/\/drmanuelpantigoso.com\/web\/wp-json\/wp\/v2\/comments?post=201"}],"version-history":[{"count":69,"href":"https:\/\/drmanuelpantigoso.com\/web\/wp-json\/wp\/v2\/pages\/201\/revisions"}],"predecessor-version":[{"id":515,"href":"https:\/\/drmanuelpantigoso.com\/web\/wp-json\/wp\/v2\/pages\/201\/revisions\/515"}],"wp:attachment":[{"href":"https:\/\/drmanuelpantigoso.com\/web\/wp-json\/wp\/v2\/media?parent=201"}],"curies":[{"name":"wp","href":"https:\/\/api.w.org\/{rel}","templated":true}]}}