{"id":125,"date":"2020-03-10T10:30:17","date_gmt":"2020-03-10T10:30:17","guid":{"rendered":"https:\/\/bridge345.qodeinteractive.com\/?page_id=125"},"modified":"2021-01-10T18:34:20","modified_gmt":"2021-01-10T18:34:20","slug":"bio","status":"publish","type":"page","link":"https:\/\/drmanuelpantigoso.com\/web\/bio\/","title":{"rendered":"BIOGRAF\u00cdA"},"content":{"rendered":"\t\t<div data-elementor-type=\"wp-page\" data-elementor-id=\"125\" class=\"elementor elementor-125\" data-elementor-settings=\"[]\">\n\t\t\t\t\t\t<div class=\"elementor-inner\">\n\t\t\t\t\t\t\t<div class=\"elementor-section-wrap\">\n\t\t\t\t\t\t\t<section class=\"elementor-section elementor-top-section elementor-element elementor-element-b48082d elementor-section-full_width elementor-section-height-default elementor-section-height-default parallax_section_no qode_elementor_container_no\" data-id=\"b48082d\" data-element_type=\"section\" data-settings=\"{&quot;background_background&quot;:&quot;classic&quot;}\">\n\t\t\t\t\t\t<div class=\"elementor-container elementor-column-gap-default\">\n\t\t\t\t\t\t\t<div class=\"elementor-row\">\n\t\t\t\t\t<div class=\"elementor-column elementor-col-100 elementor-top-column elementor-element elementor-element-276d55b\" data-id=\"276d55b\" data-element_type=\"column\" data-settings=\"{&quot;background_background&quot;:&quot;classic&quot;}\">\n\t\t\t<div class=\"elementor-column-wrap elementor-element-populated\">\n\t\t\t\t\t\t\t<div class=\"elementor-widget-wrap\">\n\t\t\t\t\t\t<div class=\"elementor-element elementor-element-4245003 elementor-widget elementor-widget-spacer\" data-id=\"4245003\" data-element_type=\"widget\" data-widget_type=\"spacer.default\">\n\t\t\t\t<div class=\"elementor-widget-container\">\n\t\t\t\t\t<div class=\"elementor-spacer\">\n\t\t\t<div class=\"elementor-spacer-inner\"><\/div>\n\t\t<\/div>\n\t\t\t\t<\/div>\n\t\t\t\t<\/div>\n\t\t\t\t\t\t<\/div>\n\t\t\t\t\t<\/div>\n\t\t<\/div>\n\t\t\t\t\t\t\t\t<\/div>\n\t\t\t\t\t<\/div>\n\t\t<\/section>\n\t\t\t\t<section class=\"elementor-section elementor-top-section elementor-element elementor-element-315c0fb elementor-section-full_width elementor-section-height-default elementor-section-height-default parallax_section_no qode_elementor_container_no\" data-id=\"315c0fb\" data-element_type=\"section\" data-settings=\"{&quot;background_background&quot;:&quot;classic&quot;}\">\n\t\t\t\t\t\t<div class=\"elementor-container elementor-column-gap-default\">\n\t\t\t\t\t\t\t<div class=\"elementor-row\">\n\t\t\t\t\t<div class=\"elementor-column elementor-col-100 elementor-top-column elementor-element elementor-element-5a187cf6\" data-id=\"5a187cf6\" data-element_type=\"column\">\n\t\t\t<div class=\"elementor-column-wrap elementor-element-populated\">\n\t\t\t\t\t\t\t<div class=\"elementor-widget-wrap\">\n\t\t\t\t\t\t<section class=\"elementor-section elementor-inner-section elementor-element elementor-element-1bba4088 elementor-section-full_width qode_elementor_container_inner elementor-section-height-default elementor-section-height-default parallax_section_no\" data-id=\"1bba4088\" data-element_type=\"section\">\n\t\t\t\t\t\t<div class=\"elementor-container elementor-column-gap-default\">\n\t\t\t\t\t\t\t<div class=\"elementor-row\">\n\t\t\t\t\t<div class=\"elementor-column elementor-col-100 elementor-inner-column elementor-element elementor-element-2298fcfc\" data-id=\"2298fcfc\" data-element_type=\"column\">\n\t\t\t<div class=\"elementor-column-wrap elementor-element-populated\">\n\t\t\t\t\t\t\t<div class=\"elementor-widget-wrap\">\n\t\t\t\t\t\t<div class=\"elementor-element elementor-element-9a1e1ee elementor-widget elementor-widget-text-editor\" data-id=\"9a1e1ee\" data-element_type=\"widget\" data-widget_type=\"text-editor.default\">\n\t\t\t\t<div class=\"elementor-widget-container\">\n\t\t\t\t\t<div class=\"elementor-text-editor elementor-clearfix\"><p><span style=\"font-size: 15px; color: #36a685; letter-spacing: 1px;\">BIOGRAF\u00cdA<\/span><\/p><\/div>\n\t\t\t\t<\/div>\n\t\t\t\t<\/div>\n\t\t\t\t<div class=\"elementor-element elementor-element-476997b4 elementor-widget elementor-widget-spacer\" data-id=\"476997b4\" data-element_type=\"widget\" data-widget_type=\"spacer.default\">\n\t\t\t\t<div class=\"elementor-widget-container\">\n\t\t\t\t\t<div class=\"elementor-spacer\">\n\t\t\t<div class=\"elementor-spacer-inner\"><\/div>\n\t\t<\/div>\n\t\t\t\t<\/div>\n\t\t\t\t<\/div>\n\t\t\t\t<div class=\"elementor-element elementor-element-37f0a3bf elementor-widget elementor-widget-heading\" data-id=\"37f0a3bf\" data-element_type=\"widget\" data-widget_type=\"heading.default\">\n\t\t\t\t<div class=\"elementor-widget-container\">\n\t\t\t<h3 class=\"elementor-heading-title elementor-size-default\">Dr. Manuel Pantigoso<\/h3>\t\t<\/div>\n\t\t\t\t<\/div>\n\t\t\t\t<div class=\"elementor-element elementor-element-5994b747 elementor-widget elementor-widget-spacer\" data-id=\"5994b747\" data-element_type=\"widget\" data-widget_type=\"spacer.default\">\n\t\t\t\t<div class=\"elementor-widget-container\">\n\t\t\t\t\t<div class=\"elementor-spacer\">\n\t\t\t<div class=\"elementor-spacer-inner\"><\/div>\n\t\t<\/div>\n\t\t\t\t<\/div>\n\t\t\t\t<\/div>\n\t\t\t\t<div class=\"elementor-element elementor-element-f10bb67 elementor-widget elementor-widget-spacer\" data-id=\"f10bb67\" data-element_type=\"widget\" data-widget_type=\"spacer.default\">\n\t\t\t\t<div class=\"elementor-widget-container\">\n\t\t\t\t\t<div class=\"elementor-spacer\">\n\t\t\t<div class=\"elementor-spacer-inner\"><\/div>\n\t\t<\/div>\n\t\t\t\t<\/div>\n\t\t\t\t<\/div>\n\t\t\t\t<div class=\"elementor-element elementor-element-b501325 elementor-widget elementor-widget-text-editor\" data-id=\"b501325\" data-element_type=\"widget\" data-widget_type=\"text-editor.default\">\n\t\t\t\t<div class=\"elementor-widget-container\">\n\t\t\t\t\t<div class=\"elementor-text-editor elementor-clearfix\"><strong><span style=\"font-size: 17px; color: #36a685; letter-spacing: 1px;\">FORMACI\u00d3N ACAD\u00c9MICA<\/span><\/strong><\/div>\n\t\t\t\t<\/div>\n\t\t\t\t<\/div>\n\t\t\t\t<div class=\"elementor-element elementor-element-a5a0e6a elementor-widget elementor-widget-spacer\" data-id=\"a5a0e6a\" data-element_type=\"widget\" data-widget_type=\"spacer.default\">\n\t\t\t\t<div class=\"elementor-widget-container\">\n\t\t\t\t\t<div class=\"elementor-spacer\">\n\t\t\t<div class=\"elementor-spacer-inner\"><\/div>\n\t\t<\/div>\n\t\t\t\t<\/div>\n\t\t\t\t<\/div>\n\t\t\t\t<div class=\"elementor-element elementor-element-b009a84 elementor-widget elementor-widget-text-editor\" data-id=\"b009a84\" data-element_type=\"widget\" data-widget_type=\"text-editor.default\">\n\t\t\t\t<div class=\"elementor-widget-container\">\n\t\t\t\t\t<div class=\"elementor-text-editor elementor-clearfix\"><p><b>Graduado en Medicina<br><\/b><i>Facultad de Medicina Humana, Universidad San Agust\u00edn de Arequipa<br><br><\/i><\/p><i>\n<\/i><p><i><\/i><\/p>\n<p><\/p>\n<hr>\n<p><b><br>Segunda Especializaci\u00f3n<br><\/b><i>Universidad Nacional Mayor de San Marcos<\/i><\/p>\n<p>Formado por el sabio psiquiatra Dr. Humberto Rotondo Grimaldi durante el residentado en el Hospital de Salud Mental Hermilio Valdiz\u00e1n<br><br><\/p>\n<hr>\n<p><b><br>Formaci\u00f3n en Hipnoterapia Ericcksoniana y miembro de The Milton H. Erickson Institute of Lima \u2013 Per\u00fa<br><\/b><i>Filial de The Milton H. Erickson Institute Inc. Phoenix, Arizona &#8211; EE.UU.<br><br><\/i><\/p><i>\n<\/i><p><i><\/i><\/p>\n<p><\/p>\n<hr>\n<p><b><br>Formaci\u00f3n en Psicoterapia Psicoanal\u00edtica<br><\/b>Disc\u00edpulo del pionero y egregia figura del psicoan\u00e1lisis en el Per\u00fa y reconocido internacionalmente, Dr. Sa\u00fal Pe\u00f1a Kolenkautski<\/p><\/div>\n\t\t\t\t<\/div>\n\t\t\t\t<\/div>\n\t\t\t\t<div class=\"elementor-element elementor-element-883b8c4 elementor-widget elementor-widget-spacer\" data-id=\"883b8c4\" data-element_type=\"widget\" data-widget_type=\"spacer.default\">\n\t\t\t\t<div class=\"elementor-widget-container\">\n\t\t\t\t\t<div class=\"elementor-spacer\">\n\t\t\t<div class=\"elementor-spacer-inner\"><\/div>\n\t\t<\/div>\n\t\t\t\t<\/div>\n\t\t\t\t<\/div>\n\t\t\t\t<div class=\"elementor-element elementor-element-35becfb elementor-widget elementor-widget-text-editor\" data-id=\"35becfb\" data-element_type=\"widget\" data-widget_type=\"text-editor.default\">\n\t\t\t\t<div class=\"elementor-widget-container\">\n\t\t\t\t\t<div class=\"elementor-text-editor elementor-clearfix\"><strong><span style=\"font-size: 17px; color: #36a685; letter-spacing: 1px;\">EXPERIENCIA<\/span><\/strong><\/div>\n\t\t\t\t<\/div>\n\t\t\t\t<\/div>\n\t\t\t\t<div class=\"elementor-element elementor-element-0d11ca8 elementor-widget elementor-widget-spacer\" data-id=\"0d11ca8\" data-element_type=\"widget\" data-widget_type=\"spacer.default\">\n\t\t\t\t<div class=\"elementor-widget-container\">\n\t\t\t\t\t<div class=\"elementor-spacer\">\n\t\t\t<div class=\"elementor-spacer-inner\"><\/div>\n\t\t<\/div>\n\t\t\t\t<\/div>\n\t\t\t\t<\/div>\n\t\t\t\t<div class=\"elementor-element elementor-element-3ae32f8 elementor-widget elementor-widget-text-editor\" data-id=\"3ae32f8\" data-element_type=\"widget\" data-widget_type=\"text-editor.default\">\n\t\t\t\t<div class=\"elementor-widget-container\">\n\t\t\t\t\t<div class=\"elementor-text-editor elementor-clearfix\"><p><b>Miembro de la Marina de Guerra del Per\u00fa<br \/><\/b><i>Asistente en Servicio de Psiquiatr\u00eda<br \/><br \/><\/i><\/p><hr \/><p><b><br \/>Jefe de Departamento de Rehabilitaci\u00f3n en Salud Mental<\/b><br \/><i>Hospital Hermilio Valdiz\u00e1n<\/i><\/p><p>Desde el 2001 es Jefe del Departamento de Rehabilitaci\u00f3n en Salud Mental, siendo uno de los especialistas con mayor experiencia en Rehabilitaci\u00f3n Psiqui\u00e1trica en el Per\u00fa<br \/><br \/><\/p><hr \/><p><b><br \/>Profesor de Psiquiatr\u00eda<br \/><\/b><i>Universidad Femenina del Sagrado Coraz\u00f3n<br \/><br \/><b><\/b><\/i><\/p><hr \/><p><i><b><br \/>Profesor de Psiquiatr\u00eda<br \/><\/b>Universidad Ricardo Palma<br \/><br \/><\/i><\/p><hr \/><p><b><br \/>Profesor invitado de la Facultad de Medicina Humana San Fernando<br \/><\/b><i>Universidad Nacional Mayor de San Marcos<\/i><\/p><\/div>\n\t\t\t\t<\/div>\n\t\t\t\t<\/div>\n\t\t\t\t\t\t<\/div>\n\t\t\t\t\t<\/div>\n\t\t<\/div>\n\t\t\t\t\t\t\t\t<\/div>\n\t\t\t\t\t<\/div>\n\t\t<\/section>\n\t\t\t\t\t\t<\/div>\n\t\t\t\t\t<\/div>\n\t\t<\/div>\n\t\t\t\t\t\t\t\t<\/div>\n\t\t\t\t\t<\/div>\n\t\t<\/section>\n\t\t\t\t\t\t<\/div>\n\t\t\t\t\t\t<\/div>\n\t\t\t\t\t<\/div>\n\t\t","protected":false},"excerpt":{"rendered":"<p>BIOGRAF\u00cdA Dr. Manuel Pantigoso FORMACI\u00d3N ACAD\u00c9MICA Graduado en MedicinaFacultad de Medicina Humana, Universidad San Agust\u00edn de Arequipa Segunda Especializaci\u00f3nUniversidad Nacional Mayor de San Marcos Formado por el sabio psiquiatra Dr. Humberto Rotondo Grimaldi durante el residentado en el Hospital de Salud Mental Hermilio Valdiz\u00e1n Formaci\u00f3n&#8230;<\/p>\n","protected":false},"author":1,"featured_media":0,"parent":0,"menu_order":0,"comment_status":"closed","ping_status":"closed","template":"full_width.php","meta":{"footnotes":""},"class_list":["post-125","page","type-page","status-publish","hentry"],"_links":{"self":[{"href":"https:\/\/drmanuelpantigoso.com\/web\/wp-json\/wp\/v2\/pages\/125","targetHints":{"allow":["GET"]}}],"collection":[{"href":"https:\/\/drmanuelpantigoso.com\/web\/wp-json\/wp\/v2\/pages"}],"about":[{"href":"https:\/\/drmanuelpantigoso.com\/web\/wp-json\/wp\/v2\/types\/page"}],"author":[{"embeddable":true,"href":"https:\/\/drmanuelpantigoso.com\/web\/wp-json\/wp\/v2\/users\/1"}],"replies":[{"embeddable":true,"href":"https:\/\/drmanuelpantigoso.com\/web\/wp-json\/wp\/v2\/comments?post=125"}],"version-history":[{"count":34,"href":"https:\/\/drmanuelpantigoso.com\/web\/wp-json\/wp\/v2\/pages\/125\/revisions"}],"predecessor-version":[{"id":512,"href":"https:\/\/drmanuelpantigoso.com\/web\/wp-json\/wp\/v2\/pages\/125\/revisions\/512"}],"wp:attachment":[{"href":"https:\/\/drmanuelpantigoso.com\/web\/wp-json\/wp\/v2\/media?parent=125"}],"curies":[{"name":"wp","href":"https:\/\/api.w.org\/{rel}","templated":true}]}}